{"id":14732,"date":"2026-04-17T17:33:50","date_gmt":"2026-04-17T17:33:50","guid":{"rendered":"https:\/\/www.nonibarea.com\/?post_type=product&#038;p=14732"},"modified":"2026-04-19T19:04:15","modified_gmt":"2026-04-19T19:04:15","slug":"ss26-15-relaxed","status":"publish","type":"product","link":"https:\/\/www.nonibarea.com\/ca\/producto\/ss26-15-relaxed\/","title":{"rendered":"SS26-15\/Relaxed"},"content":{"rendered":"<p><span style=\"font-weight: 400;\">Jaqueta ampla, agradable i comod\u00edssima. Amb m\u00e0nigues \u00be i grans butxaques al davant. Ser\u00e0 la pe\u00e7a que portar\u00e0s m\u00e9s aquesta temporada.\u00a0<\/span><span style=\"font-weight: 400;\">Ideal pels matins i vespres m\u00e9s fresquets.<\/span><\/p>\n<p><span style=\"font-weight: 400;\">23% cot\u00f3 reciclat <\/span><span style=\"font-weight: 400;\">47,3% cot\u00f3 <\/span><span style=\"font-weight: 400;\">29,7% lli<\/span><\/p>\n<hr \/>\n<p><strong>Sostenibilitat<br \/>\n<\/strong>S\u00e8rie limitada de 30 unitats.<br \/>\nFet a m\u00e0 a la Garrotxa.<br \/>\n<a href=\"https:\/\/www.nonibarea.com\/ca\/sostenibilitat\/\" target=\"_blank\" rel=\"noopener noreferrer\">*Cliqueu per con\u00e8ixer com produ\u00efm les nostres peces<\/a>.<\/p>\n<hr \/>\n<p><strong>Cura de la pe\u00e7a<br \/>\n<\/strong>Renteu a m\u00e0quina amb aigua freda, no planxeu, nom\u00e9s vapor, i sense assecadora.<\/p>\n","protected":false},"excerpt":{"rendered":"<p>Jaqueta ampla, agradable i comod\u00edssima. Amb m\u00e0nigues \u00be i grans butxaques al davant. Ser\u00e0 la pe\u00e7a que portar\u00e0s m\u00e9s aquesta temporada.\u00a0Ideal pels matins i vespres m\u00e9s fresquets. 23% cot\u00f3 reciclat 47,3% cot\u00f3 29,7% lli Sostenibilitat S\u00e8rie limitada de 30 unitats. Fet a m\u00e0 a la Garrotxa. *Cliqueu per con\u00e8ixer com produ\u00efm les nostres peces. Cura [&hellip;]<\/p>\n","protected":false},"featured_media":14749,"comment_status":"open","ping_status":"closed","template":"","meta":[],"product_brand":[],"product_cat":[265,57],"product_tag":[],"class_list":{"0":"post-14732","1":"product","2":"type-product","3":"status-publish","4":"has-post-thumbnail","6":"product_cat-chaquetas-ca","7":"product_cat-tot","9":"first","10":"instock","11":"taxable","12":"shipping-taxable","13":"purchasable","14":"product-type-variable"},"yoast_head":"<!-- This site is optimized with the Yoast SEO plugin v27.4 - https:\/\/yoast.com\/product\/yoast-seo-wordpress\/ -->\n<title>SS26-15\/Relaxed - nonibarea.com<\/title>\n<meta name=\"robots\" content=\"index, follow, max-snippet:-1, max-image-preview:large, max-video-preview:-1\" \/>\n<link rel=\"canonical\" href=\"https:\/\/www.nonibarea.com\/ca\/producto\/ss26-15-relaxed\/\" \/>\n<meta property=\"og:locale\" content=\"ca_ES\" \/>\n<meta property=\"og:type\" content=\"article\" \/>\n<meta property=\"og:title\" content=\"SS26-15\/Relaxed - nonibarea.com\" \/>\n<meta property=\"og:description\" content=\"Jaqueta ampla, agradable i comod\u00edssima. Amb m\u00e0nigues \u00be i grans butxaques al davant. Ser\u00e0 la pe\u00e7a que portar\u00e0s m\u00e9s aquesta temporada.\u00a0Ideal pels matins i vespres m\u00e9s fresquets. 23% cot\u00f3 reciclat 47,3% cot\u00f3 29,7% lli Sostenibilitat S\u00e8rie limitada de 30 unitats. Fet a m\u00e0 a la Garrotxa. *Cliqueu per con\u00e8ixer com produ\u00efm les nostres peces. Cura [&hellip;]\" \/>\n<meta property=\"og:url\" content=\"https:\/\/www.nonibarea.com\/ca\/producto\/ss26-15-relaxed\/\" \/>\n<meta property=\"og:site_name\" content=\"nonibarea.com\" \/>\n<meta property=\"article:modified_time\" content=\"2026-04-19T19:04:15+00:00\" \/>\n<meta name=\"twitter:card\" content=\"summary_large_image\" \/>\n<meta name=\"twitter:label1\" content=\"Temps estimat de lectura\" \/>\n\t<meta name=\"twitter:data1\" content=\"1 minut\" \/>\n<script type=\"application\/ld+json\" class=\"yoast-schema-graph\">{\"@context\":\"https:\\\/\\\/schema.org\",\"@graph\":[{\"@type\":\"WebPage\",\"@id\":\"https:\\\/\\\/www.nonibarea.com\\\/ca\\\/producto\\\/ss26-15-relaxed\\\/\",\"url\":\"https:\\\/\\\/www.nonibarea.com\\\/ca\\\/producto\\\/ss26-15-relaxed\\\/\",\"name\":\"SS26-15\\\/Relaxed - nonibarea.com\",\"isPartOf\":{\"@id\":\"https:\\\/\\\/www.nonibarea.com\\\/ca\\\/#website\"},\"primaryImageOfPage\":{\"@id\":\"https:\\\/\\\/www.nonibarea.com\\\/ca\\\/producto\\\/ss26-15-relaxed\\\/#primaryimage\"},\"image\":{\"@id\":\"https:\\\/\\\/www.nonibarea.com\\\/ca\\\/producto\\\/ss26-15-relaxed\\\/#primaryimage\"},\"thumbnailUrl\":\"https:\\\/\\\/www.nonibarea.com\\\/wp-content\\\/uploads\\\/2026\\\/04\\\/SS26_1_relaxed.jpg\",\"datePublished\":\"2026-04-17T17:33:50+00:00\",\"dateModified\":\"2026-04-19T19:04:15+00:00\",\"breadcrumb\":{\"@id\":\"https:\\\/\\\/www.nonibarea.com\\\/ca\\\/producto\\\/ss26-15-relaxed\\\/#breadcrumb\"},\"inLanguage\":\"ca\",\"potentialAction\":[{\"@type\":\"ReadAction\",\"target\":[\"https:\\\/\\\/www.nonibarea.com\\\/ca\\\/producto\\\/ss26-15-relaxed\\\/\"]}]},{\"@type\":\"ImageObject\",\"inLanguage\":\"ca\",\"@id\":\"https:\\\/\\\/www.nonibarea.com\\\/ca\\\/producto\\\/ss26-15-relaxed\\\/#primaryimage\",\"url\":\"https:\\\/\\\/www.nonibarea.com\\\/wp-content\\\/uploads\\\/2026\\\/04\\\/SS26_1_relaxed.jpg\",\"contentUrl\":\"https:\\\/\\\/www.nonibarea.com\\\/wp-content\\\/uploads\\\/2026\\\/04\\\/SS26_1_relaxed.jpg\",\"width\":768,\"height\":1024},{\"@type\":\"BreadcrumbList\",\"@id\":\"https:\\\/\\\/www.nonibarea.com\\\/ca\\\/producto\\\/ss26-15-relaxed\\\/#breadcrumb\",\"itemListElement\":[{\"@type\":\"ListItem\",\"position\":1,\"name\":\"Portada\",\"item\":\"https:\\\/\\\/www.nonibarea.com\\\/ca\\\/\"},{\"@type\":\"ListItem\",\"position\":2,\"name\":\"Botiga\",\"item\":\"https:\\\/\\\/www.nonibarea.com\\\/ca\\\/tienda\\\/\"},{\"@type\":\"ListItem\",\"position\":3,\"name\":\"SS26-15\\\/Relaxed\"}]},{\"@type\":\"WebSite\",\"@id\":\"https:\\\/\\\/www.nonibarea.com\\\/ca\\\/#website\",\"url\":\"https:\\\/\\\/www.nonibarea.com\\\/ca\\\/\",\"name\":\"nonibarea.com\",\"description\":\"Handmade women&#039;s clothing\",\"publisher\":{\"@id\":\"https:\\\/\\\/www.nonibarea.com\\\/ca\\\/#organization\"},\"potentialAction\":[{\"@type\":\"SearchAction\",\"target\":{\"@type\":\"EntryPoint\",\"urlTemplate\":\"https:\\\/\\\/www.nonibarea.com\\\/ca\\\/?s={search_term_string}\"},\"query-input\":{\"@type\":\"PropertyValueSpecification\",\"valueRequired\":true,\"valueName\":\"search_term_string\"}}],\"inLanguage\":\"ca\"},{\"@type\":\"Organization\",\"@id\":\"https:\\\/\\\/www.nonibarea.com\\\/ca\\\/#organization\",\"name\":\"nonibarea\",\"url\":\"https:\\\/\\\/www.nonibarea.com\\\/ca\\\/\",\"logo\":{\"@type\":\"ImageObject\",\"inLanguage\":\"ca\",\"@id\":\"https:\\\/\\\/www.nonibarea.com\\\/ca\\\/#\\\/schema\\\/logo\\\/image\\\/\",\"url\":\"https:\\\/\\\/www.nonibarea.com\\\/wp-content\\\/uploads\\\/2020\\\/04\\\/apple-touch-icon-120x120-1.png\",\"contentUrl\":\"https:\\\/\\\/www.nonibarea.com\\\/wp-content\\\/uploads\\\/2020\\\/04\\\/apple-touch-icon-120x120-1.png\",\"width\":120,\"height\":120,\"caption\":\"nonibarea\"},\"image\":{\"@id\":\"https:\\\/\\\/www.nonibarea.com\\\/ca\\\/#\\\/schema\\\/logo\\\/image\\\/\"}}]}<\/script>\n<!-- \/ Yoast SEO plugin. -->","yoast_head_json":{"title":"SS26-15\/Relaxed - nonibarea.com","robots":{"index":"index","follow":"follow","max-snippet":"max-snippet:-1","max-image-preview":"max-image-preview:large","max-video-preview":"max-video-preview:-1"},"canonical":"https:\/\/www.nonibarea.com\/ca\/producto\/ss26-15-relaxed\/","og_locale":"ca_ES","og_type":"article","og_title":"SS26-15\/Relaxed - nonibarea.com","og_description":"Jaqueta ampla, agradable i comod\u00edssima. Amb m\u00e0nigues \u00be i grans butxaques al davant. Ser\u00e0 la pe\u00e7a que portar\u00e0s m\u00e9s aquesta temporada.\u00a0Ideal pels matins i vespres m\u00e9s fresquets. 23% cot\u00f3 reciclat 47,3% cot\u00f3 29,7% lli Sostenibilitat S\u00e8rie limitada de 30 unitats. Fet a m\u00e0 a la Garrotxa. *Cliqueu per con\u00e8ixer com produ\u00efm les nostres peces. Cura [&hellip;]","og_url":"https:\/\/www.nonibarea.com\/ca\/producto\/ss26-15-relaxed\/","og_site_name":"nonibarea.com","article_modified_time":"2026-04-19T19:04:15+00:00","twitter_card":"summary_large_image","twitter_misc":{"Temps estimat de lectura":"1 minut"},"schema":{"@context":"https:\/\/schema.org","@graph":[{"@type":"WebPage","@id":"https:\/\/www.nonibarea.com\/ca\/producto\/ss26-15-relaxed\/","url":"https:\/\/www.nonibarea.com\/ca\/producto\/ss26-15-relaxed\/","name":"SS26-15\/Relaxed - nonibarea.com","isPartOf":{"@id":"https:\/\/www.nonibarea.com\/ca\/#website"},"primaryImageOfPage":{"@id":"https:\/\/www.nonibarea.com\/ca\/producto\/ss26-15-relaxed\/#primaryimage"},"image":{"@id":"https:\/\/www.nonibarea.com\/ca\/producto\/ss26-15-relaxed\/#primaryimage"},"thumbnailUrl":"https:\/\/www.nonibarea.com\/wp-content\/uploads\/2026\/04\/SS26_1_relaxed.jpg","datePublished":"2026-04-17T17:33:50+00:00","dateModified":"2026-04-19T19:04:15+00:00","breadcrumb":{"@id":"https:\/\/www.nonibarea.com\/ca\/producto\/ss26-15-relaxed\/#breadcrumb"},"inLanguage":"ca","potentialAction":[{"@type":"ReadAction","target":["https:\/\/www.nonibarea.com\/ca\/producto\/ss26-15-relaxed\/"]}]},{"@type":"ImageObject","inLanguage":"ca","@id":"https:\/\/www.nonibarea.com\/ca\/producto\/ss26-15-relaxed\/#primaryimage","url":"https:\/\/www.nonibarea.com\/wp-content\/uploads\/2026\/04\/SS26_1_relaxed.jpg","contentUrl":"https:\/\/www.nonibarea.com\/wp-content\/uploads\/2026\/04\/SS26_1_relaxed.jpg","width":768,"height":1024},{"@type":"BreadcrumbList","@id":"https:\/\/www.nonibarea.com\/ca\/producto\/ss26-15-relaxed\/#breadcrumb","itemListElement":[{"@type":"ListItem","position":1,"name":"Portada","item":"https:\/\/www.nonibarea.com\/ca\/"},{"@type":"ListItem","position":2,"name":"Botiga","item":"https:\/\/www.nonibarea.com\/ca\/tienda\/"},{"@type":"ListItem","position":3,"name":"SS26-15\/Relaxed"}]},{"@type":"WebSite","@id":"https:\/\/www.nonibarea.com\/ca\/#website","url":"https:\/\/www.nonibarea.com\/ca\/","name":"nonibarea.com","description":"Handmade women&#039;s clothing","publisher":{"@id":"https:\/\/www.nonibarea.com\/ca\/#organization"},"potentialAction":[{"@type":"SearchAction","target":{"@type":"EntryPoint","urlTemplate":"https:\/\/www.nonibarea.com\/ca\/?s={search_term_string}"},"query-input":{"@type":"PropertyValueSpecification","valueRequired":true,"valueName":"search_term_string"}}],"inLanguage":"ca"},{"@type":"Organization","@id":"https:\/\/www.nonibarea.com\/ca\/#organization","name":"nonibarea","url":"https:\/\/www.nonibarea.com\/ca\/","logo":{"@type":"ImageObject","inLanguage":"ca","@id":"https:\/\/www.nonibarea.com\/ca\/#\/schema\/logo\/image\/","url":"https:\/\/www.nonibarea.com\/wp-content\/uploads\/2020\/04\/apple-touch-icon-120x120-1.png","contentUrl":"https:\/\/www.nonibarea.com\/wp-content\/uploads\/2020\/04\/apple-touch-icon-120x120-1.png","width":120,"height":120,"caption":"nonibarea"},"image":{"@id":"https:\/\/www.nonibarea.com\/ca\/#\/schema\/logo\/image\/"}}]}},"_links":{"self":[{"href":"https:\/\/www.nonibarea.com\/ca\/wp-json\/wp\/v2\/product\/14732","targetHints":{"allow":["GET"]}}],"collection":[{"href":"https:\/\/www.nonibarea.com\/ca\/wp-json\/wp\/v2\/product"}],"about":[{"href":"https:\/\/www.nonibarea.com\/ca\/wp-json\/wp\/v2\/types\/product"}],"replies":[{"embeddable":true,"href":"https:\/\/www.nonibarea.com\/ca\/wp-json\/wp\/v2\/comments?post=14732"}],"wp:featuredmedia":[{"embeddable":true,"href":"https:\/\/www.nonibarea.com\/ca\/wp-json\/wp\/v2\/media\/14749"}],"wp:attachment":[{"href":"https:\/\/www.nonibarea.com\/ca\/wp-json\/wp\/v2\/media?parent=14732"}],"wp:term":[{"taxonomy":"product_brand","embeddable":true,"href":"https:\/\/www.nonibarea.com\/ca\/wp-json\/wp\/v2\/product_brand?post=14732"},{"taxonomy":"product_cat","embeddable":true,"href":"https:\/\/www.nonibarea.com\/ca\/wp-json\/wp\/v2\/product_cat?post=14732"},{"taxonomy":"product_tag","embeddable":true,"href":"https:\/\/www.nonibarea.com\/ca\/wp-json\/wp\/v2\/product_tag?post=14732"}],"curies":[{"name":"wp","href":"https:\/\/api.w.org\/{rel}","templated":true}]}}