{"id":844,"date":"2020-04-17T12:56:57","date_gmt":"2020-04-17T12:56:57","guid":{"rendered":"https:\/\/www.nonibarea.com\/?page_id=844"},"modified":"2020-05-27T09:59:37","modified_gmt":"2020-05-27T09:59:37","slug":"aviso-legal","status":"publish","type":"page","link":"https:\/\/www.nonibarea.com\/ca\/aviso-legal\/","title":{"rendered":"Av\u00eds legal"},"content":{"rendered":"\n<div style=\"height:50px\" aria-hidden=\"true\" class=\"wp-block-spacer\"><\/div>\n\n<ol class=\"wp-block-list\"><li><strong>DADES IDENTIFICATIVES<\/strong>: En compliment del deure d\u2019informaci\u00f3 recollit en l\u2019article 10 de la Llei 34\/2002, de 11 de juliol, de Serveis de la Societat d\u2019informaci\u00f3 i del Comer\u00e7 electr\u00f2nic, a continuaci\u00f3 s\u2019exposen les seg\u00fcents dades:\u00a0<strong>Noni Barea Ledesma <\/strong>(en endavant el \u201cPrestador\u201d), amb D.N.I. 77916295T, i domicili a efectes de notificacions al carrer Fluvi\u00e0, n\u00famero 11, 17800 Olot (Girona), \u00e9s la titular del portal web www.nonibarea.net (en endavant \u201cel portal\u201d), amb la seg\u00fcent direcci\u00f3 de contacte: info@nonibarea.net.<\/li><li><strong>USUARIS:<\/strong>\u00a0La utilitzaci\u00f3 del present portal web \u00e9s absolutament volunt\u00e0ria i implica la acceptaci\u00f3 plena per qui accedeix al mateix (en endavant \u201cl\u2019Usuari\u201d), de totes les condiciones d\u2019\u00fas vigents en cada moment que es localitzin a la present direcci\u00f3 web. D\u2019aquesta forma, l\u2019Usuari tindr\u00e0 la responsabilitat de llegir atentament aquestes condiciones i acceptar-les sense cap tipus de reserva amb anterioritat a la realitzaci\u00f3 de qualsevol operaci\u00f3, visionat, utilitzaci\u00f3, \u2026etc. El prestador es reserva el dret de retirar l\u2019acc\u00e9s al present lloc web sense necessitat de previ av\u00eds, a qualsevol Usuari que actu\u00ef de forma contraria al present Av\u00eds Legal.<\/li><li><strong>\u00daS DEL PORTAL WEB:<\/strong> www.nonibarea.net, proporciona acc\u00e9s a varietat d\u2019informaci\u00f3, serveis, programes o dades (en endavant \u201cels continguts\u201d) que s\u00f3n propietat del Prestador. L\u2019Usuari assumeix la responsabilitat de l\u2019\u00fas del portal web. L\u2019Usuari es compromet a realitzar un \u00fas adequat dels continguts i serveis oferts en el present espai web i amb car\u00e0cter enunciatiu i no limitatiu, a no utilitzar-los per: (i) incorre en activitats il\u00b7l\u00edcites, il\u00b7legals o contraries a la bona fe i orde p\u00fablic; (ii) divulgar continguts o propaganda de car\u00e0cter racista, d\u2019apologia al terrorisme o contrari als drets humans; (iii) intentar accedir, i en el seu cas, utilitzar comptes de correu electr\u00f2nic d\u2019altres usuaris i modificar o manipular els seus missatges. El Prestador es reserva el dret de retirar tots aquells comentaris i aportacions que consideri que vulneren el respecte a la dignitat de la persona, que siguin discriminatoris, racistes, que vagin en contra la joventut o la inf\u00e0ncia, l\u2019ordre o la seguretat p\u00fablica o que sota el seu criteri, no resultin adequats per a la seva publicaci\u00f3.<\/li><li><strong>POL\u00cdTICA DE PRIVACITAT:<\/strong>\u00a0El Prestador compleix amb el contingut en mat\u00e8ria de protecci\u00f3 de dades, concretament en atenci\u00f3 al Reglament (UE) 2016\/679 de 27 d\u2019abril de 2016 (RGPD), relatiu a la protecci\u00f3 de persones f\u00edsiques en atenci\u00f3 al tractament de dades personals i la lliure circulaci\u00f3 de dades. Per a m\u00e9s informaci\u00f3, veure la\u00a0<a href=\"https:\/\/nobale.net\/ca\/politica-de-privacidad\/\">Pol\u00edtica de Privacitat<\/a>.<\/li><li><strong>PROPIETAT INTEL\u00b7LECTUAL I INDUSTRIAL:<\/strong>\u00a0Els continguts del present portal web, incloent imatges, el domini web, articles, entre d\u2019altres, s\u00f3n propietat del Prestador i estan protegits en atenci\u00f3 als articles 8 i 32.1 de la Llei de Propietat Intel\u00b7lectual. En aquest sentit, queda expressament prohibit per part del Usuari copiar, reproduir, vendre, transmetre, distribuir, modificar o mostrar per a \u00fas comercial els continguts sense expr\u00e9s consentiment per part del seu titular, el Prestador. L\u2019Usuari es compromet a respectar els drets de Propietat Intel\u00b7lectual i Industrial del Prestador. L\u2019Usuari podr\u00e0 visualitzar els continguts del present portal web, imprimir-los, copiar-los i emmagatzemar-los en el seu propi disc dur o en qualsevol altre suport f\u00edsic sempre i quan sigui \u00fanica i exclusivament per a realitzar un \u00fas personal i privat.<\/li><li><strong>EXCLUSI\u00d3 DE GARANTIES I RESPONSABILITAT:<\/strong>\u00a0El Prestador no es fa responsable en cap moment, dels danys i perjudicis que de qualsevol naturalesa es puguin ocasionar (errors, omissions en el continguts, falta de disponibilitat en el portal, transmissi\u00f3 de virus, \u2026) independent de prendre quantes accions es considerin oportunes per evitar-los. Els continguts del present portal web s\u2019ofereixen amb una finalitat informativa, educativa i divulgativa. No constitueixen ni substitueixen un assessorament professional, de forma que el Prestador s\u2019eximeix de qualsevol responsabilitat directa o indirecta, que pugui derivar-se del \u00fas o aplicaci\u00f3 de la informaci\u00f3 continguda en el present portal web fora dels seus prop\u00f2sits.<\/li><li><strong>COOKIES:<\/strong>\u00a0El sitio web del Prestador utiliza cookies (peque\u00f1os archivos de informaci\u00f3n que el servidor env\u00eda al ordenador de quien accede en la p\u00e1gina) para llevar a cabo determinadas funciones que son consideradas imprescindibles para el correcto funcionamiento y visualizaci\u00f3n del lugar. Para m\u00e1s informaci\u00f3n, ver\u00a0<a href=\"https:\/\/nobale.net\/politica-de-cookies\/\">Pol\u00edtica de Cookies<\/a>.<\/li><li><strong>MODIFICACIONS:<\/strong>\u00a0El Prestador es reserva el dret d\u2019efectuar sense previ av\u00eds les modificacions al present portal web que consideri oportunes.<\/li><li><strong>ENLLA\u00c7OS:<\/strong>\u00a0En cap cas el Prestador es far\u00e0 responsable pel contingut de qualsevol enlla\u00e7 que provingui d\u2019altres portals web, ni garanteix la disponibilitat t\u00e8cnica, qualitat o fiabilitat del material o contingut d\u2019aquest portal web.<\/li><li><strong>DRET D\u2019EXCLUSI\u00d3:<\/strong>\u00a0El Prestador es reserva el dret de denegar o retirar l\u2019acc\u00e9s al portal web i els serveis oferts sense necessitat de previ av\u00eds, a inst\u00e0ncia pr\u00f2pia o a petici\u00f3 d\u2019un tercer, a aquells usuaris que incompleixin el present Av\u00eds Legal.<\/li><li><strong>DRET D\u2019EXCLUSI\u00d3:<\/strong>\u00a0El Prestador es reserva el dret de denegar o retirar l\u2019acc\u00e9s al portal web i els serveis oferts sense necessitat de previ av\u00eds, a inst\u00e0ncia pr\u00f2pia o a petici\u00f3 d\u2019un tercer, a aquells usuaris que incompleixin el present Av\u00eds Legal.<\/li><li><strong>MODIFICACI\u00d3 DE LES PRESENTS CONDICIONS I DURACI\u00d3:<\/strong> El Prestador podr\u00e0 modificar en qualsevol moment el present Av\u00eds Legal. La vig\u00e8ncia de les presents condicions actuar\u00e0 en funci\u00f3 de la seva exposici\u00f3 i estar\u00e0 vigent fins que siguin modificades per altres degudament publicades pel Prestador.<\/li><li><strong>LEGISLACI\u00d3 APLICABLE:<\/strong>\u00a0La relaci\u00f3 entre el Prestador i l\u2019Usuari es regir\u00e0 per la normativa espanyola vigent i qualsevol controv\u00e8rsia ser\u00e0 sotmesa expressament al Jutjats i Tribunals de la ciutat d\u2019Olot.<\/li><\/ol>\n\n<p><strong>\u00daltima actualitzaci\u00f3: 15 de Abril de 2020.<\/strong><\/p>\n","protected":false},"excerpt":{"rendered":"<p>DADES IDENTIFICATIVES: En compliment del deure d\u2019informaci\u00f3 recollit en l\u2019article 10 de la Llei 34\/2002, de 11 de juliol, de Serveis de la Societat d\u2019informaci\u00f3 i del Comer\u00e7 electr\u00f2nic, a continuaci\u00f3 s\u2019exposen les seg\u00fcents dades:\u00a0Noni Barea Ledesma (en endavant el \u201cPrestador\u201d), amb D.N.I. 77916295T, i domicili a efectes de notificacions al carrer Fluvi\u00e0, n\u00famero 11, [&hellip;]<\/p>\n","protected":false},"author":1,"featured_media":0,"parent":0,"menu_order":0,"comment_status":"closed","ping_status":"closed","template":"","meta":{"footnotes":""},"class_list":["post-844","page","type-page","status-publish","hentry"],"yoast_head":"<!-- This site is optimized with the Yoast SEO plugin v27.4 - https:\/\/yoast.com\/product\/yoast-seo-wordpress\/ -->\n<title>Av\u00eds legal - nonibarea.com Av\u00eds legal-nonibarea.<\/title>\n<meta name=\"description\" content=\"Av\u00eds legal de la marca nonibarea. Roba per a la dona sostenible feta a m\u00e0. Us del portal, dades identificatives, pol\u00edtica de privacitat.\" \/>\n<meta name=\"robots\" content=\"index, follow, max-snippet:-1, max-image-preview:large, max-video-preview:-1\" \/>\n<link rel=\"canonical\" href=\"https:\/\/www.nonibarea.com\/ca\/aviso-legal\/\" \/>\n<meta property=\"og:locale\" content=\"ca_ES\" \/>\n<meta property=\"og:type\" content=\"article\" \/>\n<meta property=\"og:title\" content=\"Av\u00eds legal - nonibarea.com Av\u00eds legal-nonibarea.\" \/>\n<meta property=\"og:description\" content=\"Av\u00eds legal de la marca nonibarea. Roba per a la dona sostenible feta a m\u00e0. Us del portal, dades identificatives, pol\u00edtica de privacitat.\" \/>\n<meta property=\"og:url\" content=\"https:\/\/www.nonibarea.com\/ca\/aviso-legal\/\" \/>\n<meta property=\"og:site_name\" content=\"nonibarea.com\" \/>\n<meta property=\"article:modified_time\" content=\"2020-05-27T09:59:37+00:00\" \/>\n<meta name=\"twitter:card\" content=\"summary_large_image\" \/>\n<meta name=\"twitter:label1\" content=\"Temps estimat de lectura\" \/>\n\t<meta name=\"twitter:data1\" content=\"5 minuts\" \/>\n<script type=\"application\/ld+json\" class=\"yoast-schema-graph\">{\"@context\":\"https:\\\/\\\/schema.org\",\"@graph\":[{\"@type\":\"WebPage\",\"@id\":\"https:\\\/\\\/www.nonibarea.com\\\/ca\\\/aviso-legal\\\/\",\"url\":\"https:\\\/\\\/www.nonibarea.com\\\/ca\\\/aviso-legal\\\/\",\"name\":\"Av\u00eds legal - nonibarea.com Av\u00eds legal-nonibarea.\",\"isPartOf\":{\"@id\":\"https:\\\/\\\/www.nonibarea.com\\\/ca\\\/#website\"},\"datePublished\":\"2020-04-17T12:56:57+00:00\",\"dateModified\":\"2020-05-27T09:59:37+00:00\",\"description\":\"Av\u00eds legal de la marca nonibarea. Roba per a la dona sostenible feta a m\u00e0. Us del portal, dades identificatives, pol\u00edtica de privacitat.\",\"breadcrumb\":{\"@id\":\"https:\\\/\\\/www.nonibarea.com\\\/ca\\\/aviso-legal\\\/#breadcrumb\"},\"inLanguage\":\"ca\",\"potentialAction\":[{\"@type\":\"ReadAction\",\"target\":[\"https:\\\/\\\/www.nonibarea.com\\\/ca\\\/aviso-legal\\\/\"]}]},{\"@type\":\"BreadcrumbList\",\"@id\":\"https:\\\/\\\/www.nonibarea.com\\\/ca\\\/aviso-legal\\\/#breadcrumb\",\"itemListElement\":[{\"@type\":\"ListItem\",\"position\":1,\"name\":\"Portada\",\"item\":\"https:\\\/\\\/www.nonibarea.com\\\/ca\\\/\"},{\"@type\":\"ListItem\",\"position\":2,\"name\":\"Av\u00eds legal\"}]},{\"@type\":\"WebSite\",\"@id\":\"https:\\\/\\\/www.nonibarea.com\\\/ca\\\/#website\",\"url\":\"https:\\\/\\\/www.nonibarea.com\\\/ca\\\/\",\"name\":\"nonibarea.com\",\"description\":\"Handmade women&#039;s clothing\",\"publisher\":{\"@id\":\"https:\\\/\\\/www.nonibarea.com\\\/ca\\\/#organization\"},\"potentialAction\":[{\"@type\":\"SearchAction\",\"target\":{\"@type\":\"EntryPoint\",\"urlTemplate\":\"https:\\\/\\\/www.nonibarea.com\\\/ca\\\/?s={search_term_string}\"},\"query-input\":{\"@type\":\"PropertyValueSpecification\",\"valueRequired\":true,\"valueName\":\"search_term_string\"}}],\"inLanguage\":\"ca\"},{\"@type\":\"Organization\",\"@id\":\"https:\\\/\\\/www.nonibarea.com\\\/ca\\\/#organization\",\"name\":\"nonibarea\",\"url\":\"https:\\\/\\\/www.nonibarea.com\\\/ca\\\/\",\"logo\":{\"@type\":\"ImageObject\",\"inLanguage\":\"ca\",\"@id\":\"https:\\\/\\\/www.nonibarea.com\\\/ca\\\/#\\\/schema\\\/logo\\\/image\\\/\",\"url\":\"https:\\\/\\\/www.nonibarea.com\\\/wp-content\\\/uploads\\\/2020\\\/04\\\/apple-touch-icon-120x120-1.png\",\"contentUrl\":\"https:\\\/\\\/www.nonibarea.com\\\/wp-content\\\/uploads\\\/2020\\\/04\\\/apple-touch-icon-120x120-1.png\",\"width\":120,\"height\":120,\"caption\":\"nonibarea\"},\"image\":{\"@id\":\"https:\\\/\\\/www.nonibarea.com\\\/ca\\\/#\\\/schema\\\/logo\\\/image\\\/\"}}]}<\/script>\n<!-- \/ Yoast SEO plugin. -->","yoast_head_json":{"title":"Av\u00eds legal - nonibarea.com Av\u00eds legal-nonibarea.","description":"Av\u00eds legal de la marca nonibarea. Roba per a la dona sostenible feta a m\u00e0. Us del portal, dades identificatives, pol\u00edtica de privacitat.","robots":{"index":"index","follow":"follow","max-snippet":"max-snippet:-1","max-image-preview":"max-image-preview:large","max-video-preview":"max-video-preview:-1"},"canonical":"https:\/\/www.nonibarea.com\/ca\/aviso-legal\/","og_locale":"ca_ES","og_type":"article","og_title":"Av\u00eds legal - nonibarea.com Av\u00eds legal-nonibarea.","og_description":"Av\u00eds legal de la marca nonibarea. Roba per a la dona sostenible feta a m\u00e0. Us del portal, dades identificatives, pol\u00edtica de privacitat.","og_url":"https:\/\/www.nonibarea.com\/ca\/aviso-legal\/","og_site_name":"nonibarea.com","article_modified_time":"2020-05-27T09:59:37+00:00","twitter_card":"summary_large_image","twitter_misc":{"Temps estimat de lectura":"5 minuts"},"schema":{"@context":"https:\/\/schema.org","@graph":[{"@type":"WebPage","@id":"https:\/\/www.nonibarea.com\/ca\/aviso-legal\/","url":"https:\/\/www.nonibarea.com\/ca\/aviso-legal\/","name":"Av\u00eds legal - nonibarea.com Av\u00eds legal-nonibarea.","isPartOf":{"@id":"https:\/\/www.nonibarea.com\/ca\/#website"},"datePublished":"2020-04-17T12:56:57+00:00","dateModified":"2020-05-27T09:59:37+00:00","description":"Av\u00eds legal de la marca nonibarea. Roba per a la dona sostenible feta a m\u00e0. Us del portal, dades identificatives, pol\u00edtica de privacitat.","breadcrumb":{"@id":"https:\/\/www.nonibarea.com\/ca\/aviso-legal\/#breadcrumb"},"inLanguage":"ca","potentialAction":[{"@type":"ReadAction","target":["https:\/\/www.nonibarea.com\/ca\/aviso-legal\/"]}]},{"@type":"BreadcrumbList","@id":"https:\/\/www.nonibarea.com\/ca\/aviso-legal\/#breadcrumb","itemListElement":[{"@type":"ListItem","position":1,"name":"Portada","item":"https:\/\/www.nonibarea.com\/ca\/"},{"@type":"ListItem","position":2,"name":"Av\u00eds legal"}]},{"@type":"WebSite","@id":"https:\/\/www.nonibarea.com\/ca\/#website","url":"https:\/\/www.nonibarea.com\/ca\/","name":"nonibarea.com","description":"Handmade women&#039;s clothing","publisher":{"@id":"https:\/\/www.nonibarea.com\/ca\/#organization"},"potentialAction":[{"@type":"SearchAction","target":{"@type":"EntryPoint","urlTemplate":"https:\/\/www.nonibarea.com\/ca\/?s={search_term_string}"},"query-input":{"@type":"PropertyValueSpecification","valueRequired":true,"valueName":"search_term_string"}}],"inLanguage":"ca"},{"@type":"Organization","@id":"https:\/\/www.nonibarea.com\/ca\/#organization","name":"nonibarea","url":"https:\/\/www.nonibarea.com\/ca\/","logo":{"@type":"ImageObject","inLanguage":"ca","@id":"https:\/\/www.nonibarea.com\/ca\/#\/schema\/logo\/image\/","url":"https:\/\/www.nonibarea.com\/wp-content\/uploads\/2020\/04\/apple-touch-icon-120x120-1.png","contentUrl":"https:\/\/www.nonibarea.com\/wp-content\/uploads\/2020\/04\/apple-touch-icon-120x120-1.png","width":120,"height":120,"caption":"nonibarea"},"image":{"@id":"https:\/\/www.nonibarea.com\/ca\/#\/schema\/logo\/image\/"}}]}},"_links":{"self":[{"href":"https:\/\/www.nonibarea.com\/ca\/wp-json\/wp\/v2\/pages\/844","targetHints":{"allow":["GET"]}}],"collection":[{"href":"https:\/\/www.nonibarea.com\/ca\/wp-json\/wp\/v2\/pages"}],"about":[{"href":"https:\/\/www.nonibarea.com\/ca\/wp-json\/wp\/v2\/types\/page"}],"author":[{"embeddable":true,"href":"https:\/\/www.nonibarea.com\/ca\/wp-json\/wp\/v2\/users\/1"}],"replies":[{"embeddable":true,"href":"https:\/\/www.nonibarea.com\/ca\/wp-json\/wp\/v2\/comments?post=844"}],"version-history":[{"count":10,"href":"https:\/\/www.nonibarea.com\/ca\/wp-json\/wp\/v2\/pages\/844\/revisions"}],"predecessor-version":[{"id":1156,"href":"https:\/\/www.nonibarea.com\/ca\/wp-json\/wp\/v2\/pages\/844\/revisions\/1156"}],"wp:attachment":[{"href":"https:\/\/www.nonibarea.com\/ca\/wp-json\/wp\/v2\/media?parent=844"}],"curies":[{"name":"wp","href":"https:\/\/api.w.org\/{rel}","templated":true}]}}