{"id":832,"date":"2020-04-17T12:50:31","date_gmt":"2020-04-17T12:50:31","guid":{"rendered":"https:\/\/www.nonibarea.com\/conoce-el-taller-de-nonibarea\/"},"modified":"2020-04-18T15:32:42","modified_gmt":"2020-04-18T15:32:42","slug":"conoce-el-taller-de-nonibarea","status":"publish","type":"page","link":"https:\/\/www.nonibarea.com\/ca\/conoce-el-taller-de-nonibarea\/","title":{"rendered":"Coneix el taller de nonibarea"},"content":{"rendered":"\n<div class=\"wp-block-image\"><figure class=\"aligncenter size-large\"><img loading=\"lazy\" decoding=\"async\" width=\"1024\" height=\"768\" src=\"https:\/\/www.nonibarea.com\/wp-content\/uploads\/2020\/04\/taller1.jpg\" alt=\"\" class=\"wp-image-604\" srcset=\"https:\/\/www.nonibarea.com\/wp-content\/uploads\/2020\/04\/taller1.jpg 1024w, https:\/\/www.nonibarea.com\/wp-content\/uploads\/2020\/04\/taller1-300x225.jpg 300w, https:\/\/www.nonibarea.com\/wp-content\/uploads\/2020\/04\/taller1-768x576.jpg 768w\" sizes=\"auto, (max-width: 1024px) 100vw, 1024px\" \/><\/figure><\/div>\n\n<div style=\"height:32px\" aria-hidden=\"true\" class=\"wp-block-spacer\"><\/div>\n\n<p style=\"font-size:28px\">Totes les peces les realitzem a m\u00e0 en el nostre taller de la Garrotxa. L&#8217;espai va m\u00e9s enll\u00e0 de ser la seu de <strong>nonibarea.<\/strong><\/p>\n\n<p style=\"font-size:28px\">Els divendres \u00e9s el dia que obrim les portes del taller per a qu\u00e8 les nostres clientes vinguin a descobrir les nostres peces. L&#8217;espai tamb\u00e9 ens serveix per acollir les col\u00b7laboracions que teixim amb projectes afins. Sense tenir una programaci\u00f3 fixa, fem tallers, jornades de portes obertes, proposem xerrades, trobades. I de tant en tant organitzem un concert.<\/p>\n\n<div style=\"height:32px\" aria-hidden=\"true\" class=\"wp-block-spacer\"><\/div>\n\n<div class=\"wp-block-image\"><figure class=\"alignleft size-large\"><img loading=\"lazy\" decoding=\"async\" width=\"1024\" height=\"768\" src=\"https:\/\/www.nonibarea.com\/wp-content\/uploads\/2020\/04\/Nobale-Taller-2-1024x768-1.jpg\" alt=\"\" class=\"wp-image-602\" srcset=\"https:\/\/www.nonibarea.com\/wp-content\/uploads\/2020\/04\/Nobale-Taller-2-1024x768-1.jpg 1024w, https:\/\/www.nonibarea.com\/wp-content\/uploads\/2020\/04\/Nobale-Taller-2-1024x768-1-300x225.jpg 300w, https:\/\/www.nonibarea.com\/wp-content\/uploads\/2020\/04\/Nobale-Taller-2-1024x768-1-768x576.jpg 768w\" sizes=\"auto, (max-width: 1024px) 100vw, 1024px\" \/><\/figure><\/div>\n\n<div style=\"height:32px\" aria-hidden=\"true\" class=\"wp-block-spacer\"><\/div>\n\n<p style=\"font-size:28px\">Paral\u00b7lelament a la nostra col\u00b7lecci\u00f3 de dona, estem obertes a col\u00b7laboracions especials.<\/p>\n","protected":false},"excerpt":{"rendered":"<p>Totes les peces les realitzem a m\u00e0 en el nostre taller de la Garrotxa. L&#8217;espai va m\u00e9s enll\u00e0 de ser la seu de nonibarea. Els divendres \u00e9s el dia que obrim les portes del taller per a qu\u00e8 les nostres clientes vinguin a descobrir les nostres peces. L&#8217;espai tamb\u00e9 ens serveix per acollir les col\u00b7laboracions [&hellip;]<\/p>\n","protected":false},"author":1,"featured_media":0,"parent":0,"menu_order":0,"comment_status":"closed","ping_status":"closed","template":"","meta":{"footnotes":""},"class_list":["post-832","page","type-page","status-publish","hentry"],"yoast_head":"<!-- This site is optimized with the Yoast SEO plugin v27.4 - https:\/\/yoast.com\/product\/yoast-seo-wordpress\/ -->\n<title>Coneix el taller de nonibarea - nonibarea.com handmade women clothing<\/title>\n<meta name=\"description\" content=\"Coneix el taller de nonibarea. Descobreix peces handmade women clothing dissenyades per la Noni Barea. Roba sostenible per a la dona.\" \/>\n<meta name=\"robots\" content=\"index, follow, max-snippet:-1, max-image-preview:large, max-video-preview:-1\" \/>\n<link rel=\"canonical\" href=\"https:\/\/www.nonibarea.com\/ca\/conoce-el-taller-de-nonibarea\/\" \/>\n<meta property=\"og:locale\" content=\"ca_ES\" \/>\n<meta property=\"og:type\" content=\"article\" \/>\n<meta property=\"og:title\" content=\"Coneix el taller de nonibarea - nonibarea.com handmade women clothing\" \/>\n<meta property=\"og:description\" content=\"Coneix el taller de nonibarea. Descobreix peces handmade women clothing dissenyades per la Noni Barea. Roba sostenible per a la dona.\" \/>\n<meta property=\"og:url\" content=\"https:\/\/www.nonibarea.com\/ca\/conoce-el-taller-de-nonibarea\/\" \/>\n<meta property=\"og:site_name\" content=\"nonibarea.com\" \/>\n<meta property=\"article:modified_time\" content=\"2020-04-18T15:32:42+00:00\" \/>\n<meta property=\"og:image\" content=\"https:\/\/www.nonibarea.com\/wp-content\/uploads\/2020\/04\/taller1.jpg\" \/>\n<meta name=\"twitter:card\" content=\"summary_large_image\" \/>\n<script type=\"application\/ld+json\" class=\"yoast-schema-graph\">{\"@context\":\"https:\\\/\\\/schema.org\",\"@graph\":[{\"@type\":\"WebPage\",\"@id\":\"https:\\\/\\\/www.nonibarea.com\\\/ca\\\/conoce-el-taller-de-nonibarea\\\/\",\"url\":\"https:\\\/\\\/www.nonibarea.com\\\/ca\\\/conoce-el-taller-de-nonibarea\\\/\",\"name\":\"Coneix el taller de nonibarea - nonibarea.com handmade women clothing\",\"isPartOf\":{\"@id\":\"https:\\\/\\\/www.nonibarea.com\\\/ca\\\/#website\"},\"primaryImageOfPage\":{\"@id\":\"https:\\\/\\\/www.nonibarea.com\\\/ca\\\/conoce-el-taller-de-nonibarea\\\/#primaryimage\"},\"image\":{\"@id\":\"https:\\\/\\\/www.nonibarea.com\\\/ca\\\/conoce-el-taller-de-nonibarea\\\/#primaryimage\"},\"thumbnailUrl\":\"https:\\\/\\\/www.nonibarea.com\\\/wp-content\\\/uploads\\\/2020\\\/04\\\/taller1.jpg\",\"datePublished\":\"2020-04-17T12:50:31+00:00\",\"dateModified\":\"2020-04-18T15:32:42+00:00\",\"description\":\"Coneix el taller de nonibarea. Descobreix peces handmade women clothing dissenyades per la Noni Barea. Roba sostenible per a la dona.\",\"breadcrumb\":{\"@id\":\"https:\\\/\\\/www.nonibarea.com\\\/ca\\\/conoce-el-taller-de-nonibarea\\\/#breadcrumb\"},\"inLanguage\":\"ca\",\"potentialAction\":[{\"@type\":\"ReadAction\",\"target\":[\"https:\\\/\\\/www.nonibarea.com\\\/ca\\\/conoce-el-taller-de-nonibarea\\\/\"]}]},{\"@type\":\"ImageObject\",\"inLanguage\":\"ca\",\"@id\":\"https:\\\/\\\/www.nonibarea.com\\\/ca\\\/conoce-el-taller-de-nonibarea\\\/#primaryimage\",\"url\":\"https:\\\/\\\/www.nonibarea.com\\\/wp-content\\\/uploads\\\/2020\\\/04\\\/taller1.jpg\",\"contentUrl\":\"https:\\\/\\\/www.nonibarea.com\\\/wp-content\\\/uploads\\\/2020\\\/04\\\/taller1.jpg\"},{\"@type\":\"BreadcrumbList\",\"@id\":\"https:\\\/\\\/www.nonibarea.com\\\/ca\\\/conoce-el-taller-de-nonibarea\\\/#breadcrumb\",\"itemListElement\":[{\"@type\":\"ListItem\",\"position\":1,\"name\":\"Portada\",\"item\":\"https:\\\/\\\/www.nonibarea.com\\\/ca\\\/\"},{\"@type\":\"ListItem\",\"position\":2,\"name\":\"Coneix el taller de nonibarea\"}]},{\"@type\":\"WebSite\",\"@id\":\"https:\\\/\\\/www.nonibarea.com\\\/ca\\\/#website\",\"url\":\"https:\\\/\\\/www.nonibarea.com\\\/ca\\\/\",\"name\":\"nonibarea.com\",\"description\":\"Handmade women&#039;s clothing\",\"publisher\":{\"@id\":\"https:\\\/\\\/www.nonibarea.com\\\/ca\\\/#organization\"},\"potentialAction\":[{\"@type\":\"SearchAction\",\"target\":{\"@type\":\"EntryPoint\",\"urlTemplate\":\"https:\\\/\\\/www.nonibarea.com\\\/ca\\\/?s={search_term_string}\"},\"query-input\":{\"@type\":\"PropertyValueSpecification\",\"valueRequired\":true,\"valueName\":\"search_term_string\"}}],\"inLanguage\":\"ca\"},{\"@type\":\"Organization\",\"@id\":\"https:\\\/\\\/www.nonibarea.com\\\/ca\\\/#organization\",\"name\":\"nonibarea\",\"url\":\"https:\\\/\\\/www.nonibarea.com\\\/ca\\\/\",\"logo\":{\"@type\":\"ImageObject\",\"inLanguage\":\"ca\",\"@id\":\"https:\\\/\\\/www.nonibarea.com\\\/ca\\\/#\\\/schema\\\/logo\\\/image\\\/\",\"url\":\"https:\\\/\\\/www.nonibarea.com\\\/wp-content\\\/uploads\\\/2020\\\/04\\\/apple-touch-icon-120x120-1.png\",\"contentUrl\":\"https:\\\/\\\/www.nonibarea.com\\\/wp-content\\\/uploads\\\/2020\\\/04\\\/apple-touch-icon-120x120-1.png\",\"width\":120,\"height\":120,\"caption\":\"nonibarea\"},\"image\":{\"@id\":\"https:\\\/\\\/www.nonibarea.com\\\/ca\\\/#\\\/schema\\\/logo\\\/image\\\/\"}}]}<\/script>\n<!-- \/ Yoast SEO plugin. -->","yoast_head_json":{"title":"Coneix el taller de nonibarea - nonibarea.com handmade women clothing","description":"Coneix el taller de nonibarea. Descobreix peces handmade women clothing dissenyades per la Noni Barea. Roba sostenible per a la dona.","robots":{"index":"index","follow":"follow","max-snippet":"max-snippet:-1","max-image-preview":"max-image-preview:large","max-video-preview":"max-video-preview:-1"},"canonical":"https:\/\/www.nonibarea.com\/ca\/conoce-el-taller-de-nonibarea\/","og_locale":"ca_ES","og_type":"article","og_title":"Coneix el taller de nonibarea - nonibarea.com handmade women clothing","og_description":"Coneix el taller de nonibarea. Descobreix peces handmade women clothing dissenyades per la Noni Barea. Roba sostenible per a la dona.","og_url":"https:\/\/www.nonibarea.com\/ca\/conoce-el-taller-de-nonibarea\/","og_site_name":"nonibarea.com","article_modified_time":"2020-04-18T15:32:42+00:00","og_image":[{"url":"https:\/\/www.nonibarea.com\/wp-content\/uploads\/2020\/04\/taller1.jpg","type":"","width":"","height":""}],"twitter_card":"summary_large_image","schema":{"@context":"https:\/\/schema.org","@graph":[{"@type":"WebPage","@id":"https:\/\/www.nonibarea.com\/ca\/conoce-el-taller-de-nonibarea\/","url":"https:\/\/www.nonibarea.com\/ca\/conoce-el-taller-de-nonibarea\/","name":"Coneix el taller de nonibarea - nonibarea.com handmade women clothing","isPartOf":{"@id":"https:\/\/www.nonibarea.com\/ca\/#website"},"primaryImageOfPage":{"@id":"https:\/\/www.nonibarea.com\/ca\/conoce-el-taller-de-nonibarea\/#primaryimage"},"image":{"@id":"https:\/\/www.nonibarea.com\/ca\/conoce-el-taller-de-nonibarea\/#primaryimage"},"thumbnailUrl":"https:\/\/www.nonibarea.com\/wp-content\/uploads\/2020\/04\/taller1.jpg","datePublished":"2020-04-17T12:50:31+00:00","dateModified":"2020-04-18T15:32:42+00:00","description":"Coneix el taller de nonibarea. Descobreix peces handmade women clothing dissenyades per la Noni Barea. Roba sostenible per a la dona.","breadcrumb":{"@id":"https:\/\/www.nonibarea.com\/ca\/conoce-el-taller-de-nonibarea\/#breadcrumb"},"inLanguage":"ca","potentialAction":[{"@type":"ReadAction","target":["https:\/\/www.nonibarea.com\/ca\/conoce-el-taller-de-nonibarea\/"]}]},{"@type":"ImageObject","inLanguage":"ca","@id":"https:\/\/www.nonibarea.com\/ca\/conoce-el-taller-de-nonibarea\/#primaryimage","url":"https:\/\/www.nonibarea.com\/wp-content\/uploads\/2020\/04\/taller1.jpg","contentUrl":"https:\/\/www.nonibarea.com\/wp-content\/uploads\/2020\/04\/taller1.jpg"},{"@type":"BreadcrumbList","@id":"https:\/\/www.nonibarea.com\/ca\/conoce-el-taller-de-nonibarea\/#breadcrumb","itemListElement":[{"@type":"ListItem","position":1,"name":"Portada","item":"https:\/\/www.nonibarea.com\/ca\/"},{"@type":"ListItem","position":2,"name":"Coneix el taller de nonibarea"}]},{"@type":"WebSite","@id":"https:\/\/www.nonibarea.com\/ca\/#website","url":"https:\/\/www.nonibarea.com\/ca\/","name":"nonibarea.com","description":"Handmade women&#039;s clothing","publisher":{"@id":"https:\/\/www.nonibarea.com\/ca\/#organization"},"potentialAction":[{"@type":"SearchAction","target":{"@type":"EntryPoint","urlTemplate":"https:\/\/www.nonibarea.com\/ca\/?s={search_term_string}"},"query-input":{"@type":"PropertyValueSpecification","valueRequired":true,"valueName":"search_term_string"}}],"inLanguage":"ca"},{"@type":"Organization","@id":"https:\/\/www.nonibarea.com\/ca\/#organization","name":"nonibarea","url":"https:\/\/www.nonibarea.com\/ca\/","logo":{"@type":"ImageObject","inLanguage":"ca","@id":"https:\/\/www.nonibarea.com\/ca\/#\/schema\/logo\/image\/","url":"https:\/\/www.nonibarea.com\/wp-content\/uploads\/2020\/04\/apple-touch-icon-120x120-1.png","contentUrl":"https:\/\/www.nonibarea.com\/wp-content\/uploads\/2020\/04\/apple-touch-icon-120x120-1.png","width":120,"height":120,"caption":"nonibarea"},"image":{"@id":"https:\/\/www.nonibarea.com\/ca\/#\/schema\/logo\/image\/"}}]}},"_links":{"self":[{"href":"https:\/\/www.nonibarea.com\/ca\/wp-json\/wp\/v2\/pages\/832","targetHints":{"allow":["GET"]}}],"collection":[{"href":"https:\/\/www.nonibarea.com\/ca\/wp-json\/wp\/v2\/pages"}],"about":[{"href":"https:\/\/www.nonibarea.com\/ca\/wp-json\/wp\/v2\/types\/page"}],"author":[{"embeddable":true,"href":"https:\/\/www.nonibarea.com\/ca\/wp-json\/wp\/v2\/users\/1"}],"replies":[{"embeddable":true,"href":"https:\/\/www.nonibarea.com\/ca\/wp-json\/wp\/v2\/comments?post=832"}],"version-history":[{"count":10,"href":"https:\/\/www.nonibarea.com\/ca\/wp-json\/wp\/v2\/pages\/832\/revisions"}],"predecessor-version":[{"id":922,"href":"https:\/\/www.nonibarea.com\/ca\/wp-json\/wp\/v2\/pages\/832\/revisions\/922"}],"wp:attachment":[{"href":"https:\/\/www.nonibarea.com\/ca\/wp-json\/wp\/v2\/media?parent=832"}],"curies":[{"name":"wp","href":"https:\/\/api.w.org\/{rel}","templated":true}]}}