{"id":1125,"date":"2020-05-19T07:28:35","date_gmt":"2020-05-19T07:28:35","guid":{"rendered":"https:\/\/www.nonibarea.com\/codicions-denviament\/"},"modified":"2021-11-17T20:58:23","modified_gmt":"2021-11-17T20:58:23","slug":"enviament","status":"publish","type":"page","link":"https:\/\/www.nonibarea.com\/ca\/enviament\/","title":{"rendered":"Condicions d&#8217;enviament"},"content":{"rendered":"\n<p><\/p>\n\n\n\n<p>PLAZOS DE ENV\u00cdO Todos nuestros pedidos se preparan en nuestro taller, el periodo de preparaci\u00f3n puede ser de 7 a 15 d\u00edas h\u00e1biles.<\/p>\n\n\n\n<p>Los plazos de env\u00edo se computan en d\u00edas laborables (de lunes a viernes) y pueden verse alterados por fiestas locales o nacionales.  Los plazos de entrega se computan a partir del momento en que tengamos la confirmaci\u00f3n de la transferencia bancaria en nuestra cuenta. Los cambios de direcci\u00f3n una vez enviado el paquete se cobrar\u00e1n como un nuevo env\u00edo. Aseg\u00farate que la direcci\u00f3n es correcta.<\/p>\n\n\n\n<p><\/p>\n\n\n\n<p>RECEPCI\u00d3N DEL PAQUETE Cuando recepciones tu paquete es muy importante que el embalaje y el producto est\u00e9n en perfecto estado, si compruebas cualquier incidencia debes comunicarlo en un plazo m\u00e1ximo de 24h. despu\u00e9s de su recepci\u00f3n, ya que nonibarea debe informar a la empresa de transporte y reclamar los da\u00f1os. Si no fuera as\u00ed, nonibarea no se hace responsable de los da\u00f1os ocasionados.<\/p>\n\n\n\n<p>En los casos en los que proceda realizar la entrega f\u00edsica del bien contratado, las entregas se efectuar\u00e1n en el \u00e1mbito de Espa\u00f1a (Pen\u00ednsula y Baleares). A efectos de las presentes condiciones se considerar\u00e1 que se ha producido la entrega en el momento en el que el usuario o un tercero indicado por este adquiera la posesi\u00f3n material de los productos, lo que se acreditar\u00e1 mediante firma de la recepci\u00f3n del pedido en la direcci\u00f3n de entrega convenida.<\/p>\n\n\n\n<p><\/p>\n\n\n\n<p>DEVOLUCIONES\r\nEn el supuesto de tratarse de un bien con soporte f\u00edsico, el Usuario dispone de un plazo de 14 d\u00edas naturales para desistir de la compra realizada en el Sitio Web. El plazo computar\u00e1 desde la entrega del mismo. En el supuesto de tratarse de un producto personalizado, referido derecho de desistimiento desaparece siendo conocedor el Usuario de dicha circunstancia y acept\u00e1ndola en el momento de realizar la compra correspondiente. Para ejercitar este derecho de desistimiento al que se ha hecho referencia y cuando \u00e9ste proceda, el Usuario deber\u00e1 notificar su decisi\u00f3n con una manifestaci\u00f3n expresa y clara a NOBALE, dentro del plazo establecido a tal efecto y al mail: info@nobale.net. El reembolso al Usuario ser\u00e1 mediante el mismo m\u00e9todo de pago utilizado por \u00e9ste en el momento de realizar la transacci\u00f3n inicial de compra. No se proceder\u00e1 a realizar ning\u00fan reembolso si el producto ha sido usado m\u00e1s all\u00e1 de la mera apertura del mismo, de productos que no est\u00e9n en las mismas condiciones en las que se entregaron o que hayan sufrido alg\u00fan da\u00f1o tras la entrega.<\/p>\n\n\n\n<p>EXONERACI\u00d3N DE RESPONSABILIDAD\r\nSalvo disposici\u00f3n legal en contrario, nonibarea no aceptar\u00e1 ninguna responsabilidad por: (i) p\u00e9rdidas no atribuibles a incumplimiento alguno por su parte; (ii) perdidas empresariales (incluyendo lucro cesante); (iii) fallos t\u00e9cnicos por causas fortuitas o de otra \u00edndole que impidan un normal funcionamiento del sitio web a trav\u00e9s de internet. Falta de disponibilidad del sitio web por razones de mantenimiento u otras, que impida disponer del servicio; (iv) ning\u00fan incumplimiento o retraso en el cumplimiento de alguna de las obligaciones asumidas, cuando se produzca como consecuencias que se encuentran fuera de su control razonable, es decir, que se justifiquen en causa de fuerza mayor.<\/p>\n","protected":false},"excerpt":{"rendered":"<p>PLAZOS DE ENV\u00cdO Todos nuestros pedidos se preparan en nuestro taller, el periodo de preparaci\u00f3n puede ser de 7 a 15 d\u00edas h\u00e1biles. Los plazos de env\u00edo se computan en d\u00edas laborables (de lunes a viernes) y pueden verse alterados por fiestas locales o nacionales. Los plazos de entrega se computan a partir del momento [&hellip;]<\/p>\n","protected":false},"author":1,"featured_media":0,"parent":0,"menu_order":0,"comment_status":"closed","ping_status":"closed","template":"","meta":{"footnotes":""},"class_list":["post-1125","page","type-page","status-publish","hentry"],"yoast_head":"<!-- This site is optimized with the Yoast SEO plugin v27.4 - https:\/\/yoast.com\/product\/yoast-seo-wordpress\/ -->\n<title>Condicions d&#039;enviament - nonibarea.com<\/title>\n<meta name=\"robots\" content=\"index, follow, max-snippet:-1, max-image-preview:large, max-video-preview:-1\" \/>\n<link rel=\"canonical\" href=\"https:\/\/www.nonibarea.com\/ca\/enviament\/\" \/>\n<meta property=\"og:locale\" content=\"ca_ES\" \/>\n<meta property=\"og:type\" content=\"article\" \/>\n<meta property=\"og:title\" content=\"Condicions d&#039;enviament - nonibarea.com\" \/>\n<meta property=\"og:description\" content=\"PLAZOS DE ENV\u00cdO Todos nuestros pedidos se preparan en nuestro taller, el periodo de preparaci\u00f3n puede ser de 7 a 15 d\u00edas h\u00e1biles. Los plazos de env\u00edo se computan en d\u00edas laborables (de lunes a viernes) y pueden verse alterados por fiestas locales o nacionales. Los plazos de entrega se computan a partir del momento [&hellip;]\" \/>\n<meta property=\"og:url\" content=\"https:\/\/www.nonibarea.com\/ca\/enviament\/\" \/>\n<meta property=\"og:site_name\" content=\"nonibarea.com\" \/>\n<meta property=\"article:modified_time\" content=\"2021-11-17T20:58:23+00:00\" \/>\n<meta name=\"twitter:card\" content=\"summary_large_image\" \/>\n<meta name=\"twitter:label1\" content=\"Temps estimat de lectura\" \/>\n\t<meta name=\"twitter:data1\" content=\"3 minuts\" \/>\n<script type=\"application\/ld+json\" class=\"yoast-schema-graph\">{\"@context\":\"https:\\\/\\\/schema.org\",\"@graph\":[{\"@type\":\"WebPage\",\"@id\":\"https:\\\/\\\/www.nonibarea.com\\\/ca\\\/enviament\\\/\",\"url\":\"https:\\\/\\\/www.nonibarea.com\\\/ca\\\/enviament\\\/\",\"name\":\"Condicions d'enviament - nonibarea.com\",\"isPartOf\":{\"@id\":\"https:\\\/\\\/www.nonibarea.com\\\/ca\\\/#website\"},\"datePublished\":\"2020-05-19T07:28:35+00:00\",\"dateModified\":\"2021-11-17T20:58:23+00:00\",\"breadcrumb\":{\"@id\":\"https:\\\/\\\/www.nonibarea.com\\\/ca\\\/enviament\\\/#breadcrumb\"},\"inLanguage\":\"ca\",\"potentialAction\":[{\"@type\":\"ReadAction\",\"target\":[\"https:\\\/\\\/www.nonibarea.com\\\/ca\\\/enviament\\\/\"]}]},{\"@type\":\"BreadcrumbList\",\"@id\":\"https:\\\/\\\/www.nonibarea.com\\\/ca\\\/enviament\\\/#breadcrumb\",\"itemListElement\":[{\"@type\":\"ListItem\",\"position\":1,\"name\":\"Portada\",\"item\":\"https:\\\/\\\/www.nonibarea.com\\\/ca\\\/\"},{\"@type\":\"ListItem\",\"position\":2,\"name\":\"Condicions d&#8217;enviament\"}]},{\"@type\":\"WebSite\",\"@id\":\"https:\\\/\\\/www.nonibarea.com\\\/ca\\\/#website\",\"url\":\"https:\\\/\\\/www.nonibarea.com\\\/ca\\\/\",\"name\":\"nonibarea.com\",\"description\":\"Handmade women&#039;s clothing\",\"publisher\":{\"@id\":\"https:\\\/\\\/www.nonibarea.com\\\/ca\\\/#organization\"},\"potentialAction\":[{\"@type\":\"SearchAction\",\"target\":{\"@type\":\"EntryPoint\",\"urlTemplate\":\"https:\\\/\\\/www.nonibarea.com\\\/ca\\\/?s={search_term_string}\"},\"query-input\":{\"@type\":\"PropertyValueSpecification\",\"valueRequired\":true,\"valueName\":\"search_term_string\"}}],\"inLanguage\":\"ca\"},{\"@type\":\"Organization\",\"@id\":\"https:\\\/\\\/www.nonibarea.com\\\/ca\\\/#organization\",\"name\":\"nonibarea\",\"url\":\"https:\\\/\\\/www.nonibarea.com\\\/ca\\\/\",\"logo\":{\"@type\":\"ImageObject\",\"inLanguage\":\"ca\",\"@id\":\"https:\\\/\\\/www.nonibarea.com\\\/ca\\\/#\\\/schema\\\/logo\\\/image\\\/\",\"url\":\"https:\\\/\\\/www.nonibarea.com\\\/wp-content\\\/uploads\\\/2020\\\/04\\\/apple-touch-icon-120x120-1.png\",\"contentUrl\":\"https:\\\/\\\/www.nonibarea.com\\\/wp-content\\\/uploads\\\/2020\\\/04\\\/apple-touch-icon-120x120-1.png\",\"width\":120,\"height\":120,\"caption\":\"nonibarea\"},\"image\":{\"@id\":\"https:\\\/\\\/www.nonibarea.com\\\/ca\\\/#\\\/schema\\\/logo\\\/image\\\/\"}}]}<\/script>\n<!-- \/ Yoast SEO plugin. -->","yoast_head_json":{"title":"Condicions d'enviament - nonibarea.com","robots":{"index":"index","follow":"follow","max-snippet":"max-snippet:-1","max-image-preview":"max-image-preview:large","max-video-preview":"max-video-preview:-1"},"canonical":"https:\/\/www.nonibarea.com\/ca\/enviament\/","og_locale":"ca_ES","og_type":"article","og_title":"Condicions d'enviament - nonibarea.com","og_description":"PLAZOS DE ENV\u00cdO Todos nuestros pedidos se preparan en nuestro taller, el periodo de preparaci\u00f3n puede ser de 7 a 15 d\u00edas h\u00e1biles. Los plazos de env\u00edo se computan en d\u00edas laborables (de lunes a viernes) y pueden verse alterados por fiestas locales o nacionales. Los plazos de entrega se computan a partir del momento [&hellip;]","og_url":"https:\/\/www.nonibarea.com\/ca\/enviament\/","og_site_name":"nonibarea.com","article_modified_time":"2021-11-17T20:58:23+00:00","twitter_card":"summary_large_image","twitter_misc":{"Temps estimat de lectura":"3 minuts"},"schema":{"@context":"https:\/\/schema.org","@graph":[{"@type":"WebPage","@id":"https:\/\/www.nonibarea.com\/ca\/enviament\/","url":"https:\/\/www.nonibarea.com\/ca\/enviament\/","name":"Condicions d'enviament - nonibarea.com","isPartOf":{"@id":"https:\/\/www.nonibarea.com\/ca\/#website"},"datePublished":"2020-05-19T07:28:35+00:00","dateModified":"2021-11-17T20:58:23+00:00","breadcrumb":{"@id":"https:\/\/www.nonibarea.com\/ca\/enviament\/#breadcrumb"},"inLanguage":"ca","potentialAction":[{"@type":"ReadAction","target":["https:\/\/www.nonibarea.com\/ca\/enviament\/"]}]},{"@type":"BreadcrumbList","@id":"https:\/\/www.nonibarea.com\/ca\/enviament\/#breadcrumb","itemListElement":[{"@type":"ListItem","position":1,"name":"Portada","item":"https:\/\/www.nonibarea.com\/ca\/"},{"@type":"ListItem","position":2,"name":"Condicions d&#8217;enviament"}]},{"@type":"WebSite","@id":"https:\/\/www.nonibarea.com\/ca\/#website","url":"https:\/\/www.nonibarea.com\/ca\/","name":"nonibarea.com","description":"Handmade women&#039;s clothing","publisher":{"@id":"https:\/\/www.nonibarea.com\/ca\/#organization"},"potentialAction":[{"@type":"SearchAction","target":{"@type":"EntryPoint","urlTemplate":"https:\/\/www.nonibarea.com\/ca\/?s={search_term_string}"},"query-input":{"@type":"PropertyValueSpecification","valueRequired":true,"valueName":"search_term_string"}}],"inLanguage":"ca"},{"@type":"Organization","@id":"https:\/\/www.nonibarea.com\/ca\/#organization","name":"nonibarea","url":"https:\/\/www.nonibarea.com\/ca\/","logo":{"@type":"ImageObject","inLanguage":"ca","@id":"https:\/\/www.nonibarea.com\/ca\/#\/schema\/logo\/image\/","url":"https:\/\/www.nonibarea.com\/wp-content\/uploads\/2020\/04\/apple-touch-icon-120x120-1.png","contentUrl":"https:\/\/www.nonibarea.com\/wp-content\/uploads\/2020\/04\/apple-touch-icon-120x120-1.png","width":120,"height":120,"caption":"nonibarea"},"image":{"@id":"https:\/\/www.nonibarea.com\/ca\/#\/schema\/logo\/image\/"}}]}},"_links":{"self":[{"href":"https:\/\/www.nonibarea.com\/ca\/wp-json\/wp\/v2\/pages\/1125","targetHints":{"allow":["GET"]}}],"collection":[{"href":"https:\/\/www.nonibarea.com\/ca\/wp-json\/wp\/v2\/pages"}],"about":[{"href":"https:\/\/www.nonibarea.com\/ca\/wp-json\/wp\/v2\/types\/page"}],"author":[{"embeddable":true,"href":"https:\/\/www.nonibarea.com\/ca\/wp-json\/wp\/v2\/users\/1"}],"replies":[{"embeddable":true,"href":"https:\/\/www.nonibarea.com\/ca\/wp-json\/wp\/v2\/comments?post=1125"}],"version-history":[{"count":5,"href":"https:\/\/www.nonibarea.com\/ca\/wp-json\/wp\/v2\/pages\/1125\/revisions"}],"predecessor-version":[{"id":4550,"href":"https:\/\/www.nonibarea.com\/ca\/wp-json\/wp\/v2\/pages\/1125\/revisions\/4550"}],"wp:attachment":[{"href":"https:\/\/www.nonibarea.com\/ca\/wp-json\/wp\/v2\/media?parent=1125"}],"curies":[{"name":"wp","href":"https:\/\/api.w.org\/{rel}","templated":true}]}}